{"id":593,"date":"2016-09-26T14:52:45","date_gmt":"2016-09-26T13:22:45","guid":{"rendered":"http:\/\/demo.uncommons.pro\/themes\/wp\/maya\/site\/?page_id=593"},"modified":"2019-02-13T10:43:47","modified_gmt":"2019-02-13T10:43:47","slug":"about-1","status":"publish","type":"page","link":"https:\/\/www.clownduo.ch\/","title":{"rendered":"Clownduo"},"content":{"rendered":"<p>[vc_row row_overlay=&#8220;&#8220;][vc_column][vc_column_text]<\/p>\n<link href=\"https:\/\/fonts.googleapis.com\/css?family=Open+Sans:400\" rel=\"stylesheet\" property=\"stylesheet\" type=\"text\/css\" media=\"all\">\n<div id=\"rev_slider_1_1_wrapper\" class=\"rev_slider_wrapper fullwidthbanner-container\" data-source=\"gallery\" style=\"margin:0px auto;background:transparent;padding:0px;margin-top:0px;margin-bottom:0px;\">\n<!-- START REVOLUTION SLIDER 5.4.6.4 fullwidth mode -->\n\t<div id=\"rev_slider_1_1\" class=\"rev_slider fullwidthabanner\" style=\"display:none;\" data-version=\"5.4.6.4\">\n<ul>\t<!-- SLIDE  -->\n\t<li data-index=\"rs-1\" data-transition=\"fade\" data-slotamount=\"default\" data-hideafterloop=\"0\" data-hideslideonmobile=\"off\"  data-easein=\"default\" data-easeout=\"default\" data-masterspeed=\"300\"  data-thumb=\"https:\/\/www.clownduo.ch\/wp-content\/uploads\/2016\/11\/Clownduo-header-100x50.jpg\"  data-rotate=\"0\"  data-saveperformance=\"off\"  data-title=\"Slide\" data-param1=\"\" data-param2=\"\" data-param3=\"\" data-param4=\"\" data-param5=\"\" data-param6=\"\" data-param7=\"\" data-param8=\"\" data-param9=\"\" data-param10=\"\" data-description=\"\">\n\t\t<!-- MAIN IMAGE -->\n\t\t<img loading=\"lazy\" decoding=\"async\" src=\"https:\/\/www.clownduo.ch\/wp-content\/uploads\/2016\/11\/Clownduo-header.jpg\"  alt=\"\" title=\"clownduo-header\"  width=\"1420\" height=\"744\" data-bgposition=\"center top\" data-kenburns=\"on\" data-duration=\"12000\" data-ease=\"Linear.easeNone\" data-scalestart=\"100\" data-scaleend=\"110\" data-rotatestart=\"0\" data-rotateend=\"0\" data-blurstart=\"0\" data-blurend=\"0\" data-offsetstart=\"0 0\" data-offsetend=\"0 0\" data-bgparallax=\"5\" class=\"rev-slidebg\" data-no-retina>\n\t\t<!-- LAYERS -->\n\n\t\t<!-- LAYER NR. 1 -->\n\t\t<div class=\"tp-caption   tp-resizeme\" \n\t\t\t id=\"slide-1-layer-5\" \n\t\t\t data-x=\"['center','center','center','center']\" data-hoffset=\"['0','0','0','0']\" \n\t\t\t data-y=\"['bottom','bottom','bottom','bottom']\" data-voffset=\"['30','30','30','30']\" \n\t\t\t\t\t\tdata-width=\"none\"\n\t\t\tdata-height=\"none\"\n\t\t\tdata-whitespace=\"nowrap\"\n \n\t\t\tdata-type=\"text\" \n\t\t\tdata-actions='[{\"event\":\"click\",\"action\":\"scrollbelow\",\"offset\":\"100px\",\"delay\":\"\",\"speed\":\"300\",\"ease\":\"Linear.easeNone\"}]'\n\t\t\tdata-responsive_offset=\"on\" \n\n\t\t\tdata-frames='[{\"delay\":2780,\"speed\":300,\"frame\":\"0\",\"from\":\"opacity:0;\",\"to\":\"o:1;\",\"ease\":\"Power2.easeInOut\"},{\"delay\":\"wait\",\"speed\":300,\"frame\":\"999\",\"to\":\"opacity:0;\",\"ease\":\"nothing\"}]'\n\t\t\tdata-textAlign=\"['left','left','left','left']\"\n\t\t\tdata-paddingtop=\"[0,0,0,0]\"\n\t\t\tdata-paddingright=\"[0,0,0,0]\"\n\t\t\tdata-paddingbottom=\"[0,0,0,0]\"\n\t\t\tdata-paddingleft=\"[0,0,0,0]\"\n\n\t\t\tstyle=\"z-index: 5; white-space: nowrap; font-size: 34px; line-height: 50px; font-weight: 400; color: rgba(255,255,255,1);cursor:pointer;\"><i class=\"fa-icon-angle-down\"><\/i> <\/div>\n\n\t\t<!-- LAYER NR. 2 -->\n\t\t<div class=\"tp-caption   tp-resizeme\" \n\t\t\t id=\"slide-1-layer-14\" \n\t\t\t data-x=\"['left','left','left','left']\" data-hoffset=\"['525','104','11','49']\" \n\t\t\t data-y=\"['top','top','top','top']\" data-voffset=\"['132','100','39','301']\" \n\t\t\t\t\t\tdata-width=\"none\"\n\t\t\tdata-height=\"none\"\n\t\t\tdata-whitespace=\"nowrap\"\n \n\t\t\tdata-type=\"image\" \n\t\t\tdata-responsive_offset=\"on\" \n\n\t\t\tdata-frames='[{\"delay\":880,\"speed\":1500,\"frame\":\"0\",\"from\":\"z:0;rX:0;rY:0;rZ:0;sX:0.8;sY:0.8;skX:0;skY:0;opacity:0;\",\"to\":\"o:1;\",\"ease\":\"Power4.easeOut\"},{\"delay\":\"wait\",\"speed\":300,\"frame\":\"999\",\"to\":\"opacity:0;\",\"ease\":\"Power3.easeInOut\"}]'\n\t\t\tdata-textAlign=\"['inherit','inherit','inherit','inherit']\"\n\t\t\tdata-paddingtop=\"[0,0,0,0]\"\n\t\t\tdata-paddingright=\"[0,0,0,0]\"\n\t\t\tdata-paddingbottom=\"[0,0,0,0]\"\n\t\t\tdata-paddingleft=\"[0,0,0,0]\"\n\n\t\t\tstyle=\"z-index: 6;\"><img loading=\"lazy\" decoding=\"async\" src=\"https:\/\/www.clownduo.ch\/wp-content\/uploads\/2016\/11\/Clownduo-Blau.png\" alt=\"\" data-ww=\"['379px','379px','379px','379px']\" data-hh=\"['86px','86px','86px','86px']\" width=\"770\" height=\"175\" data-no-retina> <\/div>\n\n\t\t<!-- LAYER NR. 3 -->\n\t\t<div class=\"tp-caption   tp-resizeme\" \n\t\t\t id=\"slide-1-layer-15\" \n\t\t\t data-x=\"['left','left','left','left']\" data-hoffset=\"['613','189','51','-20']\" \n\t\t\t data-y=\"['top','top','top','top']\" data-voffset=\"['194','162','104','370']\" \n\t\t\t\t\t\tdata-width=\"none\"\n\t\t\tdata-height=\"none\"\n\t\t\tdata-whitespace=\"nowrap\"\n \n\t\t\tdata-type=\"image\" \n\t\t\tdata-responsive_offset=\"on\" \n\n\t\t\tdata-frames='[{\"delay\":1790,\"speed\":300,\"frame\":\"0\",\"from\":\"z:0;rX:0;rY:0;rZ:0;sX:0.9;sY:0.9;skX:0;skY:0;opacity:0;\",\"to\":\"o:1;\",\"ease\":\"Power2.easeOut\"},{\"delay\":\"wait\",\"speed\":300,\"frame\":\"999\",\"to\":\"opacity:0;\",\"ease\":\"Power3.easeInOut\"}]'\n\t\t\tdata-textAlign=\"['inherit','inherit','inherit','inherit']\"\n\t\t\tdata-paddingtop=\"[0,0,0,0]\"\n\t\t\tdata-paddingright=\"[0,0,0,0]\"\n\t\t\tdata-paddingbottom=\"[0,0,0,0]\"\n\t\t\tdata-paddingleft=\"[0,0,0,0]\"\n\n\t\t\tstyle=\"z-index: 7;\"><img loading=\"lazy\" decoding=\"async\" src=\"https:\/\/www.clownduo.ch\/wp-content\/uploads\/2016\/11\/Lola-Peppina-Rot.png\" alt=\"\" data-ww=\"['518px','518px','518px','518px']\" data-hh=\"['100px','100px','100px','100px']\" width=\"984\" height=\"190\" data-no-retina> <\/div>\n\n\t\t<!-- LAYER NR. 4 -->\n\t\t<div class=\"tp-caption   tp-resizeme\" \n\t\t\t id=\"slide-1-layer-16\" \n\t\t\t data-x=\"['left','left','left','left']\" data-hoffset=\"['757','349','181','73']\" \n\t\t\t data-y=\"['top','top','top','top']\" data-voffset=\"['281','249','223','259']\" \n\t\t\t\t\t\tdata-width=\"none\"\n\t\t\tdata-height=\"none\"\n\t\t\tdata-whitespace=\"nowrap\"\n \n\t\t\tdata-type=\"image\" \n\t\t\tdata-responsive_offset=\"on\" \n\n\t\t\tdata-frames='[{\"delay\":2540,\"speed\":300,\"frame\":\"0\",\"from\":\"z:0;rX:0;rY:0;rZ:0;sX:0.8;sY:0.8;skX:0;skY:0;opacity:0;\",\"to\":\"o:1;\",\"ease\":\"Power4.easeOut\"},{\"delay\":\"wait\",\"speed\":300,\"frame\":\"999\",\"to\":\"opacity:0;\",\"ease\":\"Power3.easeInOut\"}]'\n\t\t\tdata-textAlign=\"['inherit','inherit','inherit','inherit']\"\n\t\t\tdata-paddingtop=\"[0,0,0,0]\"\n\t\t\tdata-paddingright=\"[0,0,0,0]\"\n\t\t\tdata-paddingbottom=\"[0,0,0,0]\"\n\t\t\tdata-paddingleft=\"[0,0,0,0]\"\n\n\t\t\tstyle=\"z-index: 8;\"><img loading=\"lazy\" decoding=\"async\" src=\"https:\/\/www.clownduo.ch\/wp-content\/uploads\/2016\/11\/verspielt-bewegt-poetisch.png\" alt=\"\" data-ww=\"['322px','322px','322px','322px']\" data-hh=\"['30px','30px','30px','30px']\" width=\"665\" height=\"62\" data-no-retina> <\/div>\n\t<\/li>\n<\/ul>\n<div class=\"tp-bannertimer tp-bottom\" style=\"visibility: hidden !important;\"><\/div>\t<\/div>\n<script>var htmlDiv = document.getElementById(\"rs-plugin-settings-inline-css\"); var htmlDivCss=\"\";\r\n\t\t\t\tif(htmlDiv) {\r\n\t\t\t\t\thtmlDiv.innerHTML = htmlDiv.innerHTML + htmlDivCss;\r\n\t\t\t\t}else{\r\n\t\t\t\t\tvar htmlDiv = document.createElement(\"div\");\r\n\t\t\t\t\thtmlDiv.innerHTML = \"<style>\" + htmlDivCss + \"<\/style>\";\r\n\t\t\t\t\tdocument.getElementsByTagName(\"head\")[0].appendChild(htmlDiv.childNodes[0]);\r\n\t\t\t\t}\r\n\t\t\t<\/script>\n\t\t<script type=\"text\/javascript\">\r\nsetREVStartSize({c: jQuery('#rev_slider_1_1'), responsiveLevels: [1240,1024,778,480], gridwidth: [1920,1024,778,480], gridheight: [900,900,960,720], sliderLayout: 'fullwidth'});\r\n\t\t\t\r\nvar revapi1,\r\n\ttpj=jQuery;\r\n\t\t\t\r\ntpj(document).ready(function() {\n\tif(tpj(\"#rev_slider_1_1\").revolution == undefined){\n\t\trevslider_showDoubleJqueryError(\"#rev_slider_1_1\");\n\t}else{\n\t\trevapi1 = tpj(\"#rev_slider_1_1\").show().revolution({\n\t\t\tsliderType:\"hero\",\n\t\t\tjsFileLocation:\"\/\/www.clownduo.ch\/wp-content\/plugins\/revslider\/public\/assets\/js\/\",\n\t\t\tsliderLayout:\"fullwidth\",\n\t\t\tdottedOverlay:\"none\",\n\t\t\tdelay:6000,\n\t\t\tresponsiveLevels:[1240,1024,778,480],\n\t\t\tvisibilityLevels:[1240,1024,778,480],\n\t\t\tgridwidth:[1920,1024,778,480],\n\t\t\tgridheight:[900,900,960,720],\n\t\t\tlazyType:\"none\",\n\t\t\tparallax: {\n\t\t\t\ttype:\"mouse\",\n\t\t\t\torigo:\"enterpoint\",\n\t\t\t\tspeed:400,\n\t\t\t\tspeedbg:0,\n\t\t\t\tspeedls:0,\n\t\t\t\tlevels:[5,10,15,20,25,30,35,40,45,46,47,48,49,50,51,55],\n\t\t\t\tdisable_onmobile:\"on\"\n\t\t\t},\n\t\t\tshadow:0,\n\t\t\tspinner:\"off\",\n\t\t\tautoHeight:\"off\",\n\t\t\tdisableProgressBar:\"on\",\n\t\t\thideThumbsOnMobile:\"off\",\n\t\t\thideSliderAtLimit:0,\n\t\t\thideCaptionAtLimit:0,\n\t\t\thideAllCaptionAtLilmit:0,\n\t\t\tdebugMode:false,\n\t\t\tfallbacks: {\n\t\t\t\tsimplifyAll:\"off\",\n\t\t\t\tdisableFocusListener:false,\n\t\t\t}\n\t\t});\n\t}\n\t\n});\t\/*ready*\/\n<\/script>\r\n\t\t<\/div><!-- END REVOLUTION SLIDER -->\n<p>[\/vc_column_text][\/vc_column][\/vc_row][vc_row row_width=&#8220;wrap-boxed&#8220; row_overlay=&#8220;&#8220; css=&#8220;.vc_custom_1479745384940{padding-top: 60px !important;padding-right: 30px !important;padding-bottom: 60px !important;padding-left: 30px !important;}&#8220;][vc_column]\n\n            <div class=\"un-quotes ui-carousel \" data-slick='{ \"vertical\": false, \"infinite\": true, \"autoplay\": true, \"autoplaySpeed\": 8000, \"dots\": false, \"arrows\": true, \"slidesToShow\": 1, \"slidesToScroll\": 1 }'>\n\n                <div class=\"un-quote text-c\">\n\n                    \n                    \n                    <div class=\"un-quote-text un-text-color\" style=\"color: black\">Clowns sind f\u00fcr mich eine Art Atempausen des Lebens. <\/div><div class=\"un-div un-div-l un-brd-black\"><\/div><div class=\"un-quote-name\" style=\"color: black\">Masha Dimitri<\/div>\n\n                <\/div>\n\n                <div class=\"un-quote text-c\">\n\n                    \n                    \n                    <div class=\"un-quote-text un-text-color\" style=\"color: black\">Der Clown ist ein handelnder Dichter. \nEr ist selbst die Geschichte, die er spielt.\n<\/div><div class=\"un-div un-div-l un-brd-black\"><\/div><div class=\"un-quote-name\" style=\"color: black\">Henry Miller<\/div>\n\n                <\/div>\n\n                <div class=\"un-quote text-c\">\n\n                    \n                    \n                    <div class=\"un-quote-text un-text-color\" style=\"color: black\">Der Clown ist eine Figur, die alles verlieren kann, um dann dennoch siegreich da zu stehen. <\/div><div class=\"un-div un-div-l un-brd-black\"><\/div><div class=\"un-quote-name\" style=\"color: black\">Gardi Hutter<\/div>\n\n                <\/div>\n\n                <div class=\"un-quote text-c\">\n\n                    \n                    \n                    <div class=\"un-quote-text un-text-color\" style=\"color: black\">Jeder Mensch ist ein Clown. Aber nur wenige haben den Mut, es zu zeigen. <\/div><div class=\"un-div un-div-l un-brd-black\"><\/div><div class=\"un-quote-name\" style=\"color: black\">Charlie Rivel<\/div>\n\n                <\/div><\/div>[\/vc_column][\/vc_row][vc_row row_width=&#8220;wrap-boxed&#8220; row_overlay=&#8220;&#8220; css=&#8220;.vc_custom_1479767687211{padding-top: 30px !important;background-color: #afd166 !important;}&#8220; el_id=&#8220;angebot&#8220;][vc_column][vc_column_text]<\/p>\n<h2 style=\"text-align: center;\">ANGEBOT<\/h2>\n<p>[\/vc_column_text][\/vc_column][\/vc_row][vc_row row_overlay=&#8220;&#8220; css=&#8220;.vc_custom_1479747351041{background-color: #cc3333 !important;}&#8220;][vc_column width=&#8220;1\/2&#8243; css=&#8220;.vc_custom_1480889820926{background-image: url(http:\/\/www.clownduo.ch\/wp-content\/uploads\/2016\/09\/Tasche-lacht-2.jpg?id=3304) !important;background-position: center !important;background-repeat: no-repeat !important;background-size: cover !important;}&#8220;][vc_empty_space height=&#8220;600&#8243;][\/vc_column][vc_column width=&#8220;1\/2&#8243;][vc_column_text css=&#8220;.vc_custom_1550015939095{padding-top: 60px !important;padding-right: 60px !important;padding-bottom: 60px !important;padding-left: 60px !important;}&#8220;]<\/p>\n<h4><span style=\"color: #ffffff;\">Das Clownduo an Ihrem Anlass<\/span><\/h4>\n<h5>Wir spielen gerne f\u00fcr Sie:<\/h5>\n<h5>&#8211; an Kulturanl\u00e4ssen<br \/>\n&#8211; bei Jubil\u00e4umsfeiern<br \/>\n&#8211; an Festivals und Strassenfesten<br \/>\n&#8211; f\u00fcr Kinderg\u00e4rten und Schulen<br \/>\n&#8211;\u00a0an Firmenanl\u00e4ssen<br \/>\n&#8211; in Altersheimen<br \/>\n&#8211; an Geburtstagsfesten<br \/>\n&#8211; und und und<\/h5>\n<h5>Dauer und Umfang sind Ihren Vorstellungen entsprechend ver\u00e4nderbar.\u00a0Unsere Clownereien sprechen Kinder genauso an wie Erwachsene.<\/h5>\n<p>[\/vc_column_text][\/vc_column][\/vc_row][vc_row row_overlay=&#8220;&#8220;][vc_column width=&#8220;1\/2&#8243;][vc_column_text css=&#8220;.vc_custom_1479747253433{padding-top: 60px !important;padding-right: 60px !important;padding-bottom: 60px !important;padding-left: 60px !important;}&#8220;]<\/p>\n<h4><span style=\"color: #000000;\">B\u00fchnenprogramm<\/span><\/h4>\n<p>Verspielte und bewegte Clowngeschichten kombiniert mit musikalisch-poetischen Momenten und viel rotnasigem Humor &#8211; ein abendf\u00fcllendes B\u00fchnenprogramm f\u00fcr Kinder und Erwachsene, Spielzeit variabel von 50-75 Minuten.[\/vc_column_text][\/vc_column][vc_column width=&#8220;1\/2&#8243; css=&#8220;.vc_custom_1479747136698{padding-top: 0px !important;padding-right: 0px !important;padding-bottom: 0px !important;padding-left: 0px !important;background-image: url(http:\/\/www.clownduo.ch\/wp-content\/uploads\/2016\/09\/Kirschen.jpg?id=3158) !important;background-position: center !important;background-repeat: no-repeat !important;background-size: cover !important;}&#8220;][vc_empty_space height=&#8220;500&#8243;][\/vc_column][\/vc_row][vc_row row_overlay=&#8220;&#8220; css=&#8220;.vc_custom_1479747956937{background-color: #3792ce !important;}&#8220;][vc_column width=&#8220;1\/2&#8243; css=&#8220;.vc_custom_1479747793171{background-image: url(http:\/\/www.clownduo.ch\/wp-content\/uploads\/2016\/09\/Musik.jpg?id=3177) !important;background-position: center !important;background-repeat: no-repeat !important;background-size: cover !important;}&#8220;][vc_empty_space height=&#8220;500&#8243;][\/vc_column][vc_column width=&#8220;1\/2&#8243;][vc_column_text css=&#8220;.vc_custom_1479747675058{padding-top: 60px !important;padding-right: 60px !important;padding-bottom: 60px !important;padding-left: 60px !important;}&#8220;]<\/p>\n<h4><span style=\"color: #ffffff;\">Clowns in der Schule<br \/>\n<\/span><\/h4>\n<p><span style=\"color: #ffffff;\">Wir bieten speziell einen Einsatz von Clowns im Klassenzimmer an. Mit dem Spiel f\u00fcr und mit den Kindern finden Humor, Lebensfreude und Achtsamkeit Platz in der Schule.<\/span>[\/vc_column_text][\/vc_column][\/vc_row][vc_row row_overlay=&#8220;&#8220; css=&#8220;.vc_custom_1479747987340{background-position: center !important;background-repeat: no-repeat !important;background-size: cover !important;}&#8220;][vc_column width=&#8220;1\/2&#8243;][vc_column_text css=&#8220;.vc_custom_1479747823334{padding-top: 60px !important;padding-right: 60px !important;padding-bottom: 60px !important;padding-left: 60px !important;}&#8220;]<\/p>\n<h4><span style=\"color: #000000;\">Workshops<br \/>\n<\/span><\/h4>\n<p>Auf Anfrage f\u00fchren wir Workshops \/ Projektwochen zum Thema Clownerie durch. Kann auch erg\u00e4nzt werden mit dem Schwerpunkt \u201eZirkus\u201c.[\/vc_column_text][\/vc_column][vc_column width=&#8220;1\/2&#8243; css=&#8220;.vc_custom_1479747996680{padding-top: 0px !important;padding-right: 0px !important;padding-bottom: 0px !important;padding-left: 0px !important;background-image: url(http:\/\/www.clownduo.ch\/wp-content\/uploads\/2016\/09\/jonglage.jpg?id=3178) !important;background-position: center !important;background-repeat: no-repeat !important;background-size: cover !important;}&#8220;][vc_empty_space height=&#8220;500&#8243;][\/vc_column][\/vc_row][vc_row row_width=&#8220;wrap-boxed&#8220; row_overlay=&#8220;&#8220; css=&#8220;.vc_custom_1479766601956{padding-top: 30px !important;background-color: #a57eb7 !important;}&#8220; el_id=&#8220;referenzen&#8220;][vc_column][vc_column_text]<\/p>\n<h2 style=\"text-align: center;\">REFERENZEN<\/h2>\n<p>[\/vc_column_text][\/vc_column][\/vc_row][vc_row row_width=&#8220;wrap-boxed&#8220; row_overlay=&#8220;&#8220; css=&#8220;.vc_custom_1479802538085{padding-top: 60px !important;padding-right: 60px !important;padding-bottom: 60px !important;padding-left: 60px !important;background: #222222 url(http:\/\/www.clownduo.ch\/wp-content\/uploads\/2016\/09\/Referenzen.jpg?id=3238) !important;background-position: center !important;background-repeat: no-repeat !important;background-size: cover !important;}&#8220;][vc_column width=&#8220;1\/3&#8243;][vc_column_text]<\/p>\n<h5>bisherige Auftritte unter anderem:<\/h5>\n<h5>\u2013 Clownfestival St.Gallen<br \/>\n\u2013 Lenzburger Gauklerfestival<br \/>\n\u2013 abendf\u00fcllendes B\u00fchnenprogramm in Gr\u00e4nichen und Menziken<br \/>\n\u2013 Kulturanl\u00e4sse an den Schulen Beinwil am See, Riniken, Reinach, Erlinsbach sowie weitere Eins\u00e4tze in Kindergarten und Schule<br \/>\n\u2013 Biomarch\u00e9 Zofingen<br \/>\n\u2013 Streetfoodfestivals in Basel und Thun<br \/>\n\u2013 Altersheime in Menziken, Gr\u00e4nichen, Zofingen<br \/>\n\u2013 offene B\u00fchnen in Basel, Luzern, Zug<\/h5>\n<p>[\/vc_column_text][\/vc_column][vc_column width=&#8220;1\/3&#8243;][vc_column_text]<\/p>\n<h5>\u2013 Theatertage Aarau<br \/>\n\u2013 Karneval der K\u00fcnste Z\u00fcrich<br \/>\n\u2013 Jahresversammlung Verein Tandem Aarau<br \/>\n\u2013 Trittbrett Aarau f\u00fcr Kinder mit einer Beeintr\u00e4chtigung<br \/>\n\u2013 Sommerfest Klinik S\u00fcdhang f\u00fcr Suchtkranke in Kirchlindach<br \/>\n\u2013 Elternbildungstag Aarau<br \/>\n\u2013 Abschlussfest Netzwerk Asyl, Lenzburg<br \/>\n\u2013 Wuhrplatzfest Langenthal<br \/>\n\u2013 Jubil\u00e4umsfeier Kinderhaus Ginkgo Bern<br \/>\n\u2013 Kulturnacht Liestal<br \/>\n\u2013 sowie diverse private Anl\u00e4sse und Vereinsversammlungen<\/h5>\n<p>[\/vc_column_text][\/vc_column][vc_column width=&#8220;1\/3&#8243;][vc_empty_space][\/vc_column][\/vc_row][vc_row row_width=&#8220;wrap-boxed&#8220; row_overlay=&#8220;&#8220; css=&#8220;.vc_custom_1479767695287{padding-top: 30px !important;background-color: #afd166 !important;}&#8220; el_id=&#8220;media&#8220;][vc_column][vc_column_text]<\/p>\n<h2 style=\"text-align: center;\">MEDIA<\/h2>\n<p>[\/vc_column_text][\/vc_column][\/vc_row][vc_row row_width=&#8220;wrap-boxed&#8220; row_overlay=&#8220;&#8220; css=&#8220;.vc_custom_1479763432817{padding-top: 60px !important;}&#8220;][vc_column width=&#8220;1\/3&#8243;][vc_video link=&#8220;https:\/\/youtu.be\/ctJhWomzmZc&#8220;][\/vc_column][vc_column width=&#8220;1\/3&#8243;][vc_video link=&#8220;https:\/\/www.youtube.com\/watch?v=00fEFRmXSp4&#8243;][\/vc_column][vc_column width=&#8220;1\/3&#8243;][vc_single_image image=&#8220;3231&#8243; img_size=&#8220;full&#8220; onclick=&#8220;custom_link&#8220; link=&#8220;http:\/\/www.clownduo.ch\/wp-content\/uploads\/2016\/11\/Pressefotos%20Clownduo.zip&#8220;][\/vc_column][\/vc_row][vc_row row_width=&#8220;wrap-boxed&#8220; row_overlay=&#8220;&#8220; css=&#8220;.vc_custom_1479766609477{padding-top: 30px !important;background-color: #a57eb7 !important;}&#8220; el_id=&#8220;portraits&#8220;][vc_column][vc_column_text]<\/p>\n<h2 style=\"text-align: center;\">PORTRAITS<\/h2>\n<p>[\/vc_column_text][\/vc_column][\/vc_row][vc_row][vc_column width=&#8220;1\/2&#8243; css=&#8220;.vc_custom_1479765240092{background-color: #cc3333 !important;}&#8220;][vc_column_text css=&#8220;.vc_custom_1479766049552{padding-top: 60px !important;padding-right: 60px !important;padding-bottom: 60px !important;padding-left: 60px !important;}&#8220;]<\/p>\n<h5><a href=\"http:\/\/www.clownduo.ch\/wp-content\/uploads\/2016\/09\/Portrait-Sabrina.jpg\"><img loading=\"lazy\" decoding=\"async\" class=\" wp-image-3245 alignleft\" src=\"http:\/\/www.clownduo.ch\/wp-content\/uploads\/2016\/09\/Portrait-Sabrina.jpg\" alt=\"portrait-sabrina\" width=\"300\" height=\"300\" srcset=\"https:\/\/www.clownduo.ch\/wp-content\/uploads\/2016\/09\/Portrait-Sabrina.jpg 800w, https:\/\/www.clownduo.ch\/wp-content\/uploads\/2016\/09\/Portrait-Sabrina-150x150.jpg 150w, https:\/\/www.clownduo.ch\/wp-content\/uploads\/2016\/09\/Portrait-Sabrina-300x300.jpg 300w, https:\/\/www.clownduo.ch\/wp-content\/uploads\/2016\/09\/Portrait-Sabrina-768x768.jpg 768w, https:\/\/www.clownduo.ch\/wp-content\/uploads\/2016\/09\/Portrait-Sabrina-500x500.jpg 500w\" sizes=\"auto, (max-width: 300px) 100vw, 300px\" \/><\/a><strong>Sabrina Gautschi alias Peppina<\/strong><\/h5>\n<h5>Kinderg\u00e4rtnerin und Clownfrau<\/h5>\n<h5>Clownausbildungen bei Christoph Schwager, Yve St\u00f6cklin und Bernard St\u00f6ckli<\/h5>\n<h5>\u201eIch stolpere gerne durch meine Freuden und Verzweiflungen. Inspiriert durch all die vielf\u00e4ltigen Menschen, die Kr\u00e4fte der Natur, meinen Kater Peppino und die Musik, die in mir ist. Am liebsten mit einem St\u00fccklein Schokolade in der Hand.\u201c<\/h5>\n<p>[\/vc_column_text][\/vc_column][vc_column width=&#8220;1\/2&#8243; css=&#8220;.vc_custom_1479765650903{background-color: #3792ce !important;}&#8220;][vc_column_text css=&#8220;.vc_custom_1480891513855{padding-top: 60px !important;padding-right: 60px !important;padding-bottom: 60px !important;padding-left: 60px !important;}&#8220;]<\/p>\n<h5><a href=\"http:\/\/www.clownduo.ch\/wp-content\/uploads\/2016\/09\/Portrait-Blanca.jpg\"><img loading=\"lazy\" decoding=\"async\" class=\"wp-image-3244 alignleft\" src=\"http:\/\/www.clownduo.ch\/wp-content\/uploads\/2016\/09\/Portrait-Blanca.jpg\" width=\"300\" height=\"300\" srcset=\"https:\/\/www.clownduo.ch\/wp-content\/uploads\/2016\/09\/Portrait-Blanca.jpg 800w, https:\/\/www.clownduo.ch\/wp-content\/uploads\/2016\/09\/Portrait-Blanca-150x150.jpg 150w, https:\/\/www.clownduo.ch\/wp-content\/uploads\/2016\/09\/Portrait-Blanca-300x300.jpg 300w, https:\/\/www.clownduo.ch\/wp-content\/uploads\/2016\/09\/Portrait-Blanca-768x768.jpg 768w, https:\/\/www.clownduo.ch\/wp-content\/uploads\/2016\/09\/Portrait-Blanca-500x500.jpg 500w\" sizes=\"auto, (max-width: 300px) 100vw, 300px\" \/><\/a><strong>Blanca B\u00f6ll alias Lola<\/strong><\/h5>\n<h5>Bewegungsp\u00e4dagogin, Zirkustrainerin und Clownfrau<\/h5>\n<h5>Clownausbildungen bei Yve St\u00f6cklin, Bruno Z\u00fchlke und Christoph Schwager<\/h5>\n<h5>\u201eClownerie macht mein Leben bunt und ber\u00fchrt mich auf eine ganz eigene Art \u2013 so, wie es eben nur Clowns verm\u00f6gen. Ich liebe das Jonglieren mit und ohne B\u00e4lle, Mohnblumen im Kornfeld und den Klang des Windspiels in der Sommerbrise.\u201c<\/h5>\n<p>[\/vc_column_text][\/vc_column][\/vc_row][vc_row row_width=&#8220;wrap-boxed&#8220; row_overlay=&#8220;&#8220; css=&#8220;.vc_custom_1479767702234{padding-top: 30px !important;background-color: #afd166 !important;}&#8220; el_id=&#8220;kontakt&#8220;][vc_column][vc_column_text]<\/p>\n<h2 style=\"text-align: center;\">KONTAKT<\/h2>\n<p>[\/vc_column_text][\/vc_column][\/vc_row][vc_row row_width=&#8220;wrap-boxed&#8220; row_overlay=&#8220;&#8220; css=&#8220;.vc_custom_1479800819274{padding-top: 60px !important;padding-right: 60px !important;padding-bottom: 60px !important;padding-left: 60px !important;background: #222222 url(http:\/\/www.clownduo.ch\/wp-content\/uploads\/2016\/09\/kontaktf\u00fcsse.jpg?id=3295) !important;background-position: center !important;background-repeat: no-repeat !important;background-size: cover !important;}&#8220;][vc_column width=&#8220;1\/3&#8243;][vc_column_text]<\/p>\n<h5>Blanca B\u00f6ll<br \/>\nLenzburg<br \/>\n062 891 51 50<br \/>\n<a href=\"mailto:mail@clownduo.ch\">mail<\/a><\/h5>\n<p>[\/vc_column_text][\/vc_column][vc_column width=&#8220;1\/3&#8243;][vc_column_text]<\/p>\n<h5>Sabrina Gautschi<br \/>\nAarau<br \/>\n062 824 43 73<br \/>\n<a href=\"mailto:mail@clownduo.ch\">mail<\/a><\/h5>\n<p>[\/vc_column_text][\/vc_column][vc_column width=&#8220;1\/3&#8243;][vc_empty_space][\/vc_column][\/vc_row][vc_row row_width=&#8220;wrap-boxed&#8220; row_overlay=&#8220;&#8220; css=&#8220;.vc_custom_1479768210628{padding-top: 30px !important;background-color: #a57eb7 !important;}&#8220;][vc_column][vc_column_text]<\/p>\n<h5>Kindercircus Aarcus, in dem Blanca B\u00f6ll als Zirkustrainerin t\u00e4tig ist: <a href=\"http:\/\/www.circus-aarcus.ch\" target=\"_blank\" rel=\"noopener\">www.circus-aarcus.ch<\/a><\/h5>\n<p>[\/vc_column_text][\/vc_column][\/vc_row]<\/p>\n","protected":false},"excerpt":{"rendered":"<p>[vc_row row_overlay=&#8220;&#8220;][vc_column][vc_column_text] [\/vc_column_text][\/vc_column][\/vc_row][vc_row row_width=&#8220;wrap-boxed&#8220; row_overlay=&#8220;&#8220; css=&#8220;.vc_custom_1479745384940{padding-top: 60px !important;padding-right: 30px !important;padding-bottom: 60px !important;padding-left: 30px !important;}&#8220;][vc_column][\/vc_column][\/vc_row][vc_row row_width=&#8220;wrap-boxed&#8220; row_overlay=&#8220;&#8220; css=&#8220;.vc_custom_1479767687211{padding-top: 30px !important;background-color: #afd166 !important;}&#8220; el_id=&#8220;angebot&#8220;][vc_column][vc_column_text] ANGEBOT [\/vc_column_text][\/vc_column][\/vc_row][vc_row row_overlay=&#8220;&#8220; css=&#8220;.vc_custom_1479747351041{background-color: #cc3333 !important;}&#8220;][vc_column width=&#8220;1\/2&#8243; css=&#8220;.vc_custom_1480889820926{background-image: url(http:\/\/www.clownduo.ch\/wp-content\/uploads\/2016\/09\/Tasche-lacht-2.jpg?id=3304) !important;background-position: center !important;background-repeat: no-repeat !important;background-size: cover !important;}&#8220;][vc_empty_space height=&#8220;600&#8243;][\/vc_column][vc_column width=&#8220;1\/2&#8243;][vc_column_text css=&#8220;.vc_custom_1550015939095{padding-top: 60px !important;padding-right: 60px !important;padding-bottom: 60px !important;padding-left: 60px !important;}&#8220;] Das Clownduo an Ihrem Anlass Wir [&hellip;]<\/p>\n","protected":false},"author":1,"featured_media":0,"parent":0,"menu_order":0,"comment_status":"closed","ping_status":"closed","template":"page-vc.php","meta":{"footnotes":""},"class_list":["post-593","page","type-page","status-publish","hentry"],"_links":{"self":[{"href":"https:\/\/www.clownduo.ch\/index.php?rest_route=\/wp\/v2\/pages\/593","targetHints":{"allow":["GET"]}}],"collection":[{"href":"https:\/\/www.clownduo.ch\/index.php?rest_route=\/wp\/v2\/pages"}],"about":[{"href":"https:\/\/www.clownduo.ch\/index.php?rest_route=\/wp\/v2\/types\/page"}],"author":[{"embeddable":true,"href":"https:\/\/www.clownduo.ch\/index.php?rest_route=\/wp\/v2\/users\/1"}],"replies":[{"embeddable":true,"href":"https:\/\/www.clownduo.ch\/index.php?rest_route=%2Fwp%2Fv2%2Fcomments&post=593"}],"version-history":[{"count":142,"href":"https:\/\/www.clownduo.ch\/index.php?rest_route=\/wp\/v2\/pages\/593\/revisions"}],"predecessor-version":[{"id":3412,"href":"https:\/\/www.clownduo.ch\/index.php?rest_route=\/wp\/v2\/pages\/593\/revisions\/3412"}],"wp:attachment":[{"href":"https:\/\/www.clownduo.ch\/index.php?rest_route=%2Fwp%2Fv2%2Fmedia&parent=593"}],"curies":[{"name":"wp","href":"https:\/\/api.w.org\/{rel}","templated":true}]}}